
{"id":705,"date":"2014-07-02T08:50:29","date_gmt":"2014-07-02T08:50:29","guid":{"rendered":"http:\/\/clinico.creaws.com\/?page_id=705"},"modified":"2017-07-31T20:03:34","modified_gmt":"2017-07-31T20:03:34","slug":"procedimentos","status":"publish","type":"page","link":"http:\/\/fetal.com.br\/site\/procedimentos\/","title":{"rendered":"Procedimentos"},"content":{"rendered":"<div class='grid-row clearfix'><div class='grid-col grid-col-12'><section class='cws-widget'><section class='cws_widget_content'>\n<section class='photo_tour_section cws_widget'><div class='photo_tour_section_header clearfix'><div class='widget-title'>Procedimentos<\/div><\/div><div class='photo_tour news-pinterest news-4' ><div class=\"grid isotope\" data-filter=\"procedimentos\" data-cols=\"4\" data-aurl=\"http:\/\/fetal.com.br\/site\/wp-content\/themes\/clinico\/core\/portfolio-cols.php\" data-use-filter=\"1\" data-ppp=\"8\" data-blogtype=\"pinterest\" data-sb-block=\"none\" data-cp-type=\"portfolio\" ><div class=\"item\" data-category=\"79\"><div class=\"pic\"><img src=\"http:\/\/fetal.com.br\/site\/wp-content\/uploads\/bfi_thumb\/dna-test-34brf46k8zrlijc58n6mtc.png\" alt=\"\"><div class=\"hover-effect\"><\/div><div class=\"links\"><a href=\"http:\/\/fetal.com.br\/site\/wp-content\/uploads\/2017\/07\/dna-test.png\" class=\"fancy fa fa-eye\"><\/a><\/div><\/div><div class=\"portfolio_item_info\"><div class='name'><a href='http:\/\/fetal.com.br\/site\/portfolio\/3188-2\/'>Teste de paternidade<\/a><\/div><p>O Exame de DNA \u00e9 o teste de paternidade mais preciso atualme<\/p>\n<\/div><\/div><div class=\"item\" data-category=\"79\"><div class=\"pic\"><img src=\"http:\/\/fetal.com.br\/site\/wp-content\/uploads\/bfi_thumb\/30-34brms3w3i94h2in2x6j9c.png\" alt=\"\"><div class=\"hover-effect\"><\/div><div class=\"links\"><a href=\"http:\/\/fetal.com.br\/site\/wp-content\/uploads\/2017\/07\/30.png\" class=\"fancy fa fa-eye\"><\/a><\/div><\/div><div class=\"portfolio_item_info\"><div class='name'><a href='http:\/\/fetal.com.br\/site\/portfolio\/exames-4d-de-1o-e-2o-trimestre-com-tecnologia-hd-live\/'>Exames 4D de 2\u00ba trimestre com tecnologia HD Live<\/a><\/div><p>O exame em 4 dimens\u00f5es possibilita ver o embri\u00e3o (1\u00ba Trimest<\/p>\n<\/div><\/div><div class=\"item\" data-category=\"79\"><div class=\"pic\"><img src=\"http:\/\/fetal.com.br\/site\/wp-content\/uploads\/bfi_thumb\/laserterapia-34brmixoo5cdlj0zyooo3k.png\" alt=\"\"><div class=\"hover-effect\"><\/div><div class=\"links\"><a href=\"http:\/\/fetal.com.br\/site\/wp-content\/uploads\/2017\/07\/laserterapia.png\" class=\"fancy fa fa-eye\"><\/a><\/div><\/div><div class=\"portfolio_item_info\"><div class='name'><a href='http:\/\/fetal.com.br\/site\/portfolio\/laserterapia-microagulhamento-e-botox\/'>Laserterapia, Microagulhamento e Botox<\/a><\/div><p>As estrias representam um grande problema para quem as t\u00eam e<\/p>\n<\/div><\/div><div class=\"item\" data-category=\"79\"><div class=\"pic\"><img src=\"http:\/\/fetal.com.br\/site\/wp-content\/uploads\/bfi_thumb\/colocacao-de-dil-34brmbit0vw9mnzk8krzeo.png\" alt=\"\"><div class=\"hover-effect\"><\/div><div class=\"links\"><a href=\"http:\/\/fetal.com.br\/site\/wp-content\/uploads\/2017\/07\/colocacao-de-dil.png\" class=\"fancy fa fa-eye\"><\/a><\/div><\/div><div class=\"portfolio_item_info\"><div class='name'><a href='http:\/\/fetal.com.br\/site\/portfolio\/colocacao-de-diu\/'>Coloca\u00e7\u00e3o de DIU<\/a><\/div><p>A\u00a0coloca\u00e7\u00e3o de DIU \u00e9 um procedimento simples, que pode ser r<\/p>\n<\/div><\/div><div class=\"item\" data-category=\"79\"><div class=\"pic\"><img src=\"http:\/\/fetal.com.br\/site\/wp-content\/uploads\/bfi_thumb\/rastreio-de-trombofilia-34brm5qqbfdlsfngiq9tkw.png\" alt=\"\"><div class=\"hover-effect\"><\/div><div class=\"links\"><a href=\"http:\/\/fetal.com.br\/site\/wp-content\/uploads\/2017\/07\/rastreio-de-trombofilia.png\" class=\"fancy fa fa-eye\"><\/a><\/div><\/div><div class=\"portfolio_item_info\"><div class='name'><a href='http:\/\/fetal.com.br\/site\/portfolio\/rastreio-de-trombofilia\/'>Rastreio de trombofilia<\/a><\/div><p>A trombofilia \u00e9 a propens\u00e3o a desenvolver trombose ou outras<\/p>\n<\/div><\/div><div class=\"item\" data-category=\"79\"><div class=\"pic\"><img src=\"http:\/\/fetal.com.br\/site\/wp-content\/uploads\/bfi_thumb\/amniocentese-34brlatzbg9a4i0zrmsirk.png\" alt=\"\"><div class=\"hover-effect\"><\/div><div class=\"links\"><a href=\"http:\/\/fetal.com.br\/site\/wp-content\/uploads\/2017\/07\/amniocentese.png\" class=\"fancy fa fa-eye\"><\/a><\/div><\/div><div class=\"portfolio_item_info\"><div class='name'><a href='http:\/\/fetal.com.br\/site\/portfolio\/amniocentese\/'>Amniocentese<\/a><\/div><p>O que \u00e9 a amniocentese? A amniocentese \u00e9 um exame invasivo n<\/p>\n<\/div><\/div><div class=\"item\" data-category=\"79\"><div class=\"pic\"><img src=\"http:\/\/fetal.com.br\/site\/wp-content\/uploads\/bfi_thumb\/aminiodrena-34brl3f3o6t65mzk1ivu2o.png\" alt=\"\"><div class=\"hover-effect\"><\/div><div class=\"links\"><a href=\"http:\/\/fetal.com.br\/site\/wp-content\/uploads\/2017\/07\/aminiodrena.png\" class=\"fancy fa fa-eye\"><\/a><\/div><\/div><div class=\"portfolio_item_info\"><div class='name'><a href='http:\/\/fetal.com.br\/site\/portfolio\/amniodrenagem\/'>Amniodrenagem<\/a><\/div><p>Exame realizado para redu\u00e7\u00e3o do volume de l\u00edquido amni\u00f3tico.<\/p>\n<\/div><\/div><div class=\"item\" data-category=\"79\"><div class=\"pic\"><img src=\"http:\/\/fetal.com.br\/site\/wp-content\/uploads\/bfi_thumb\/news-2-732x518-34brkuqzm016eahegr4lc0.jpg\" alt=\"\"><div class=\"hover-effect\"><\/div><div class=\"links\"><a href=\"http:\/\/fetal.com.br\/site\/wp-content\/uploads\/2017\/07\/news-2-732x518.jpg\" class=\"fancy fa fa-eye\"><\/a><\/div><\/div><div class=\"portfolio_item_info\"><div class='name'><a href='http:\/\/fetal.com.br\/site\/portfolio\/amnioinfusao\/'>Amnioinfus\u00e3o<\/a><\/div><p>Exame realizado para a infus\u00e3o de l\u00edquido na cavidade amni\u00f3t<\/p>\n<\/div><\/div><\/div><\/div><div class=\"pagination\"><span class=\"current\">1<\/span><a href=\"paged=2\" class=\"single_page page-numbers\" title=\"2\">2<\/a><a href=\"paged=3\" class=\"single_page page-numbers\" title=\"3\">3<\/a><a class=\"page-numbers\" href=\"paged=2\">Seguinte<\/a><\/div><\/section>\n<\/section><\/section><\/div><\/div>\n","protected":false},"excerpt":{"rendered":"","protected":false},"author":1,"featured_media":0,"parent":0,"menu_order":0,"comment_status":"open","ping_status":"open","template":"","meta":[],"_links":{"self":[{"href":"http:\/\/fetal.com.br\/site\/wp-json\/wp\/v2\/pages\/705"}],"collection":[{"href":"http:\/\/fetal.com.br\/site\/wp-json\/wp\/v2\/pages"}],"about":[{"href":"http:\/\/fetal.com.br\/site\/wp-json\/wp\/v2\/types\/page"}],"author":[{"embeddable":true,"href":"http:\/\/fetal.com.br\/site\/wp-json\/wp\/v2\/users\/1"}],"replies":[{"embeddable":true,"href":"http:\/\/fetal.com.br\/site\/wp-json\/wp\/v2\/comments?post=705"}],"version-history":[{"count":3,"href":"http:\/\/fetal.com.br\/site\/wp-json\/wp\/v2\/pages\/705\/revisions"}],"predecessor-version":[{"id":3249,"href":"http:\/\/fetal.com.br\/site\/wp-json\/wp\/v2\/pages\/705\/revisions\/3249"}],"wp:attachment":[{"href":"http:\/\/fetal.com.br\/site\/wp-json\/wp\/v2\/media?parent=705"}],"curies":[{"name":"wp","href":"https:\/\/api.w.org\/{rel}","templated":true}]}}